{"id":2,"date":"2021-09-15T15:18:57","date_gmt":"2021-09-15T13:18:57","guid":{"rendered":"https:\/\/paradisefeeling.ch\/?page_id=2"},"modified":"2021-12-16T17:01:06","modified_gmt":"2021-12-16T16:01:06","slug":"paradise-feeling","status":"publish","type":"page","link":"https:\/\/paradisefeeling.ch\/","title":{"rendered":"Paradise Feeling"},"content":{"rendered":"\n<div class=\"wp-block-image paradisetitle\"><figure class=\"aligncenter size-full\"><img loading=\"lazy\" decoding=\"async\" width=\"917\" height=\"210\" src=\"https:\/\/paradisefeeling.ch\/wp-content\/uploads\/2021\/10\/paradise-feeling-anir.gif\" alt=\"\" class=\"wp-image-101\"\/><\/figure><\/div>\n\n\n\n<h1 class=\"has-text-align-center wp-block-heading\">Mein Mindset &amp; Heartset Konzept mit Aktivierungsmeditationen und Vielem mehr\u2026<\/h1>\n\n\n\n<p class=\"levels\">Level 1: Die Kraft &amp; Macht deines Fokus erkennen<br>Level 2: Die Freiheit deiner Selbstbestimmung erfahren<br>Level 3: Die Power deiner Intuition erleben<br>Level 4: Die h\u00f6heren pers\u00f6nlichen Qualit\u00e4ten in dir leben<br>Level 5: Closing the gap<\/p>\n\n\n\n<div class=\"wp-block-columns nachoben notmobile is-layout-flex wp-container-core-columns-is-layout-9d6595d7 wp-block-columns-is-layout-flex\">\n<div class=\"wp-block-column is-layout-flow wp-block-column-is-layout-flow\" style=\"flex-basis:33.33%\">\n<div class=\"wp-block-image silvana\"><figure class=\"alignright size-medium is-resized\"><img loading=\"lazy\" decoding=\"async\" src=\"https:\/\/paradisefeeling.ch\/wp-content\/uploads\/2021\/09\/Silvana-300x300.png\" alt=\"\" class=\"wp-image-9\" width=\"184\" height=\"184\" srcset=\"https:\/\/paradisefeeling.ch\/wp-content\/uploads\/2021\/09\/Silvana-300x300.png 300w, https:\/\/paradisefeeling.ch\/wp-content\/uploads\/2021\/09\/Silvana-150x150.png 150w, https:\/\/paradisefeeling.ch\/wp-content\/uploads\/2021\/09\/Silvana.png 348w\" sizes=\"auto, (max-width: 184px) 100vw, 184px\" \/><\/figure><\/div>\n<\/div>\n\n\n\n<div class=\"wp-block-column is-layout-flow wp-block-column-is-layout-flow\" style=\"flex-basis:66.66%\">\n<h2 class=\"nachunten wp-block-heading\">.. because feeling good is so natural<\/h2>\n<\/div>\n<\/div>\n\n\n\n<h2 class=\"has-text-align-center onlymobile wp-block-heading\"> .. because feeling good is so natural<\/h2>\n\n\n\n<div class=\"wp-block-image onlymobile\"><figure class=\"aligncenter size-full is-resized\"><img loading=\"lazy\" decoding=\"async\" src=\"https:\/\/paradisefeeling.ch\/wp-content\/uploads\/2021\/09\/Silvana.png\" alt=\"\" class=\"wp-image-9\" width=\"226\" height=\"226\" srcset=\"https:\/\/paradisefeeling.ch\/wp-content\/uploads\/2021\/09\/Silvana.png 348w, https:\/\/paradisefeeling.ch\/wp-content\/uploads\/2021\/09\/Silvana-300x300.png 300w, https:\/\/paradisefeeling.ch\/wp-content\/uploads\/2021\/09\/Silvana-150x150.png 150w\" sizes=\"auto, (max-width: 226px) 100vw, 226px\" \/><\/figure><\/div>\n\n\n\n<div class=\"wp-block-image utsani nachoben\"><figure class=\"aligncenter size-full\"><img loading=\"lazy\" decoding=\"async\" width=\"400\" height=\"132\" src=\"https:\/\/paradisefeeling.ch\/wp-content\/uploads\/2021\/10\/hibiskus-uts-ani-2.gif\" alt=\"\" class=\"wp-image-113\"\/><\/figure><\/div>\n\n\n\n<p class=\"has-text-align-center footer2 has-large-font-size\" style=\"line-height:1.5\"><a href=\"tel:+41793102833\" data-type=\"tel\" data-id=\"tel:+41793102833\"><span class=\"aet\">079 310 28 33<\/span><\/a> \u00b7 <a rel=\"noreferrer noopener\" href=\"mailto:welcome@paradisefeeling.ch\" target=\"_blank\">welcome<span class=\"aet\">@<\/span>paradisefeeling.ch<\/a> \u00b7 <a rel=\"noreferrer noopener\" href=\"http:\/\/silvanasicilia.ch\" target=\"_blank\">silvanasicilia.ch<\/a><\/p>\n\n\n\n<div class=\"wp-block-image insta\"><figure class=\"aligncenter size-full is-resized\"><a href=\"https:\/\/www.instagram.com\/paradisefeeling_\/\" target=\"_blank\" rel=\"noopener\"><img loading=\"lazy\" decoding=\"async\" src=\"https:\/\/paradisefeeling.ch\/wp-content\/uploads\/2021\/09\/instagram-icon.png\" alt=\"INSTA\" class=\"wp-image-10\" width=\"35\" height=\"35\"\/><\/a><\/figure><\/div>\n","protected":false},"excerpt":{"rendered":"<p>Mein Mindset &amp; Heartset Konzept mit Aktivierungsmeditationen und Vielem mehr\u2026 Level 1: Die Kraft &amp; Macht deines Fokus erkennenLevel 2: Die Freiheit deiner Selbstbestimmung erfahrenLevel 3: Die Power deiner Intuition erlebenLevel 4: Die h\u00f6heren pers\u00f6nlichen Qualit\u00e4ten in dir lebenLevel 5: Closing the gap .. because feeling good is so natural .. because feeling good is&hellip; <a class=\"more-link\" href=\"https:\/\/paradisefeeling.ch\/\"><span class=\"screen-reader-text\">Paradise Feeling<\/span> weiterlesen<\/a><\/p>\n","protected":false},"author":1,"featured_media":0,"parent":0,"menu_order":0,"comment_status":"closed","ping_status":"closed","template":"","meta":{"footnotes":""},"class_list":["post-2","page","type-page","status-publish","hentry","entry"],"_links":{"self":[{"href":"https:\/\/paradisefeeling.ch\/index.php?rest_route=\/wp\/v2\/pages\/2","targetHints":{"allow":["GET"]}}],"collection":[{"href":"https:\/\/paradisefeeling.ch\/index.php?rest_route=\/wp\/v2\/pages"}],"about":[{"href":"https:\/\/paradisefeeling.ch\/index.php?rest_route=\/wp\/v2\/types\/page"}],"author":[{"embeddable":true,"href":"https:\/\/paradisefeeling.ch\/index.php?rest_route=\/wp\/v2\/users\/1"}],"replies":[{"embeddable":true,"href":"https:\/\/paradisefeeling.ch\/index.php?rest_route=%2Fwp%2Fv2%2Fcomments&post=2"}],"version-history":[{"count":65,"href":"https:\/\/paradisefeeling.ch\/index.php?rest_route=\/wp\/v2\/pages\/2\/revisions"}],"predecessor-version":[{"id":127,"href":"https:\/\/paradisefeeling.ch\/index.php?rest_route=\/wp\/v2\/pages\/2\/revisions\/127"}],"wp:attachment":[{"href":"https:\/\/paradisefeeling.ch\/index.php?rest_route=%2Fwp%2Fv2%2Fmedia&parent=2"}],"curies":[{"name":"wp","href":"https:\/\/api.w.org\/{rel}","templated":true}]}}